{"id":1608,"date":"2016-02-02T17:15:37","date_gmt":"2016-02-02T17:15:37","guid":{"rendered":"http:\/\/www.legaland.ad\/inici-legaland-bufet-advocats-andorra-barcelona\/"},"modified":"2020-11-24T12:31:08","modified_gmt":"2020-11-24T12:31:08","slug":"legaland-abogados","status":"publish","type":"page","link":"https:\/\/www.legaland.ad\/es\/","title":{"rendered":"Inicio"},"content":{"rendered":"<p>[vc_row css=\u00bb.vc_custom_1443696775001{margin-bottom: 80px !important;}\u00bb][vc_column width=\u00bb1\/3&#8243;]<div class='icon-box-1'><i class='ifc-user_male4'><\/i><div class='icon-box-content'><h3><a href='http:\/\/www.legaland.ad\/es\/quienes-somos\/' >quienes somos<\/a><\/h3><p>Firma integrada por profesionales especialistas en diferentes disciplinas que trabaja para dar respuestas a las necesidades de sus clientes.<\/p>\n<p><\/p><\/div><\/div>[\/vc_column][vc_column width=\u00bb1\/3&#8243;]<div class='icon-box-1'><i class='ifc-security_checked'><\/i><div class='icon-box-content'><h3><a href='http:\/\/www.legaland.ad\/es\/valores-objetivos\/' >valores y objetivos<\/a><\/h3><p>La responsabilidad, la transparencia, el esfuerzo y la \u00e9tica son los pilares del \u00e9xito sobre los que se sustenta la relaci\u00f3n con sus clientes.<\/p>\n<p><\/p><\/div><\/div>[\/vc_column][vc_column width=\u00bb1\/3&#8243;]<div class='icon-box-1'><i class='ifc-connected_no_data'><\/i><div class='icon-box-content'><h3><a href='http:\/\/www.legaland.ad\/es\/equipo-alianzas\/' >equipo y alianzas<\/a><\/h3><p>En <strong>LEGALAND<\/strong> creemos que la confianza del cliente, el trato personalizado y la optimizaci\u00f3n de resultados son nuestro bien m\u00e1s preciado.<\/p>\n<p><\/p><\/div><\/div>[\/vc_column][\/vc_row][vc_row full_width=\u00bbstretch_row_content_no_spaces\u00bb parallax=\u00bbtheme-parallax\u00bb parallax_image=\u00bb1377&#8243; css=\u00bb.vc_custom_1494435008922{margin-bottom: 100px !important;padding-top: 60px !important;}\u00bb nfw_row_font_color=\u00bb#ffffff\u00bb][vc_column][vc_empty_space height=\u00bb200px\u00bb][\/vc_column][\/vc_row][vc_row css=\u00bb.vc_custom_1443696908544{margin-bottom: 80px !important;}\u00bb][vc_column][vc_row_inner][vc_column_inner width=\u00bb1\/2&#8243;][vc_column_text]<\/p>\n<p style=\"text-align: justify;\"><strong>LEGALAND<\/strong> es una firma integrada por profesionales del derecho especialistas en diferentes disciplinas que trabaja para dar respuestas a las necesidades de sus clientes en su actividad econ\u00f3mica diaria, tanto a nivel nacional como internacional.<\/p>\n<p style=\"text-align: justify;\">Si bien <strong>LEGALAND<\/strong>\u00a0se fund\u00f3 originariamente como despacho de abogados especialista en derecho mercantil, de la empresa y de los negocios, su vocaci\u00f3n de servicio integral al cliente la ha empujado a incorporar otras disciplinas complementarias del derecho as\u00ed como el trabajo de un equipo de economistas, fiscales y financieros.<\/p>\n<p style=\"text-align: justify;\">D\u00eda a d\u00eda trabajamos para que su proyecto siga creciendo y confiando en nuestros profesionales, formado por un equipo altamente cualificado, que le ofrecer\u00e1n las soluciones \u00f3ptimas en cada momento.<\/p>\n<p>[\/vc_column_text][\/vc_column_inner][vc_column_inner width=\u00bb1\/2&#8243;][vc_single_image image=\u00bb2206&#8243; img_size=\u00bbfull\u00bb][\/vc_column_inner][\/vc_row_inner][\/vc_column][\/vc_row][vc_row full_width=\u00bbstretch_row_content_no_spaces\u00bb parallax=\u00bbtheme-parallax\u00bb parallax_image=\u00bb1379&#8243; css=\u00bb.vc_custom_1494435254679{margin-bottom: 100px !important;padding-top: 60px !important;}\u00bb nfw_row_font_color=\u00bb#ffffff\u00bb][vc_column][vc_empty_space height=\u00bb200px\u00bb][\/vc_column][\/vc_row][vc_row][vc_column]<div class='headline'><h2>Nuestra forma<\/h2><h5>de hacer las cosas<\/h5><\/div>[\/vc_column][\/vc_row][vc_row][vc_column width=\u00bb1\/4&#8243;][\/vc_column][vc_column width=\u00bb1\/2&#8243;]<ul class='vertical-process-builder '><li><i class='ifc-idea'><\/i><div class='process-description'><h5>EXPONE TUS<\/h5>\n<p>necesidades, deseos y \/ o preocupaciones.<\/p>\n<\/div><\/li><li><i class='ifc-briefcase'><\/i><div class='process-description'><h5>NOS ENCARGAMOS<\/h5>\n<p>de recopilar toda la informaci\u00f3n necesaria y estudiamos tu caso con precisi\u00f3n.<\/p>\n<\/div><\/li><li><i class='ifc-wacom_tablet'><\/i><div class='process-description'><h5>Y TE OFRECEMOS<\/h5>\n<p>una soluci\u00f3n a medida.<\/p>\n<\/div><\/li><\/ul>[\/vc_column][vc_column width=\u00bb1\/4&#8243;][\/vc_column][\/vc_row][vc_row][vc_column][vc_empty_space][\/vc_column][\/vc_row]<\/p>\n","protected":false},"excerpt":{"rendered":"<p>[vc_row css=\u00bb.vc_custom_1443696775001{margin-bottom: 80px !important;}\u00bb][vc_column width=\u00bb1\/3&#8243;][\/vc_column][vc_column width=\u00bb1\/3&#8243;][\/vc_column][vc_column width=\u00bb1\/3&#8243;][\/vc_column][\/vc_row][vc_row full_width=\u00bbstretch_row_content_no_spaces\u00bb parallax=\u00bbtheme-parallax\u00bb parallax_image=\u00bb1377&#8243; css=\u00bb.vc_custom_1494435008922{margin-bottom: 100px !important;padding-top: 60px !important;}\u00bb nfw_row_font_color=\u00bb#ffffff\u00bb][vc_column][vc_empty_space height=\u00bb200px\u00bb][\/vc_column][\/vc_row][vc_row css=\u00bb.vc_custom_1443696908544{margin-bottom: 80px !important;}\u00bb][vc_column][vc_row_inner][vc_column_inner width=\u00bb1\/2&#8243;][vc_column_text] LEGALAND es una firma integrada por profesionales del derecho especialistas en diferentes disciplinas que trabaja para dar respuestas a las necesidades de sus clientes en su actividad econ\u00f3mica diaria, tanto a nivel nacional como&#8230;<\/p>\n","protected":false},"author":1,"featured_media":0,"parent":0,"menu_order":0,"comment_status":"closed","ping_status":"closed","template":"","meta":{"footnotes":""},"class_list":["post-1608","page","type-page","status-publish","hentry"],"_links":{"self":[{"href":"https:\/\/www.legaland.ad\/es\/wp-json\/wp\/v2\/pages\/1608","targetHints":{"allow":["GET"]}}],"collection":[{"href":"https:\/\/www.legaland.ad\/es\/wp-json\/wp\/v2\/pages"}],"about":[{"href":"https:\/\/www.legaland.ad\/es\/wp-json\/wp\/v2\/types\/page"}],"author":[{"embeddable":true,"href":"https:\/\/www.legaland.ad\/es\/wp-json\/wp\/v2\/users\/1"}],"replies":[{"embeddable":true,"href":"https:\/\/www.legaland.ad\/es\/wp-json\/wp\/v2\/comments?post=1608"}],"version-history":[{"count":29,"href":"https:\/\/www.legaland.ad\/es\/wp-json\/wp\/v2\/pages\/1608\/revisions"}],"predecessor-version":[{"id":2254,"href":"https:\/\/www.legaland.ad\/es\/wp-json\/wp\/v2\/pages\/1608\/revisions\/2254"}],"wp:attachment":[{"href":"https:\/\/www.legaland.ad\/es\/wp-json\/wp\/v2\/media?parent=1608"}],"curies":[{"name":"wp","href":"https:\/\/api.w.org\/{rel}","templated":true}]}}