{"id":1657,"date":"2015-09-30T15:17:07","date_gmt":"2015-09-30T15:17:07","guid":{"rendered":"http:\/\/www.legaland.ad\/legaland-quisom\/"},"modified":"2017-05-16T10:46:37","modified_gmt":"2017-05-16T10:46:37","slug":"quienes-somos","status":"publish","type":"page","link":"https:\/\/www.legaland.ad\/es\/quienes-somos\/","title":{"rendered":"Quienes Somos"},"content":{"rendered":"<p>[vc_row][vc_column]<div class='headline'><h2>Quienes somos<\/h2><\/div>[\/vc_column][\/vc_row][vc_row css=\u00bb.vc_custom_1443621235596{margin-bottom: 80px !important;}\u00bb][vc_column width=\u00bb1\/2&#8243;][vc_column_text]<\/p>\n<p style=\"text-align: justify;\"><strong>LEGALAND<\/strong> es una firma integrada por profesionales del derecho especialistas en diferentes disciplinas que trabaja para dar respuestas a las necesidades de sus clientes en su actividad econ\u00f3mica diaria, tanto a nivel nacional como internacional.<\/p>\n<p style=\"text-align: justify;\">Si bien <strong>LEGALAND<\/strong>\u00a0se fund\u00f3 originariamente como despacho de abogados especialista en <strong>derecho mercantil, de la empresa y de los negocios<\/strong>, su vocaci\u00f3n de servicio integral al cliente la ha empujado a incorporar otras disciplinas complementarias del derecho as\u00ed como el trabajo <strong>de un equipo de economistas, fiscales y financieros.<\/strong><\/p>\n<p style=\"text-align: justify;\">D\u00eda a d\u00eda trabajamos para que su proyecto siga creciendo y confiando en nuestros profesionales, formado por un equipo altamente cualificado, que le ofrecer\u00e1n las soluciones \u00f3ptimas en cada momento.<\/p>\n<p>[\/vc_column_text][\/vc_column][vc_column width=\u00bb1\/2&#8243;][vc_single_image image=\u00bb1116&#8243; img_size=\u00bbfull\u00bb][\/vc_column][\/vc_row][vc_row full_width=\u00bbstretch_row\u00bb css=\u00bb.vc_custom_1443626233479{margin-bottom: 100px !important;padding-top: 100px !important;padding-bottom: 70px !important;background-color: #000000 !important;}\u00bb nfw_row_font_color=\u00bb#ffffff\u00bb][vc_column]<div class='headline'><h2>La Firma<\/h2><\/div>[vc_row_inner][vc_column_inner width=\u00bb1\/3&#8243;]<div class='icon-box-1'><i class='ifc-user_male4'><\/i><div class='icon-box-content'><h3><a href='http:\/\/www.legaland.ad\/es\/quienes-somos\/' >quienes somos<\/a><\/h3><p>Firma integrada por profesionales especialistas en diferentes disciplinas que trabaja para dar respuestas a las necesidades de sus clientes.<\/p><\/div><\/div>[\/vc_column_inner][vc_column_inner width=\u00bb1\/3&#8243;]<div class='icon-box-1'><i class='ifc-security_checked'><\/i><div class='icon-box-content'><h3><a href='http:\/\/www.legaland.ad\/es\/valores-objetivos\/%20' >Valores y objetivos<\/a><\/h3><p>La responsabilidad, la transparencia, el esfuerzo y la \u00e9tica son los pilares del \u00e9xito sobre los que se sustenta la relaci\u00f3n con sus clientes.<\/p><\/div><\/div>[\/vc_column_inner][vc_column_inner width=\u00bb1\/3&#8243;]<div class='icon-box-1'><i class='ifc-connected_no_data'><\/i><div class='icon-box-content'><h3><a href='http:\/\/www.legaland.ad\/es\/equipo-alianzas\/' >Equipo y alianzas<\/a><\/h3><p>En <strong>LEGALAND<\/strong> creemos que la confianza del cliente, el trato personalizado y la optimizaci\u00f3n de resultados son nuestro bien m\u00e1s preciado.<\/p><\/div><\/div>[\/vc_column_inner][\/vc_row_inner][\/vc_column][\/vc_row][vc_row][vc_column]<div class='headline'><h2>Contacto<\/h2><\/div>[vc_row_inner][vc_column_inner width=\u00bb1\/2&#8243;][vc_single_image image=\u00bb1423&#8243; img_size=\u00bbfull\u00bb][\/vc_column_inner][vc_column_inner width=\u00bb1\/2&#8243;][vc_empty_space height=\u00bb15px\u00bb][vc_column_text]<\/p>\n<p style=\"text-align: justify;\">Ponte en contacto con nuestro<br \/>\nequipo. D\u00e9janos tu mensaje<br \/>\ny ser\u00e1s atendido lo antes posible.<\/p>\n<p>[\/vc_column_text]<a class='btn' href='http:\/\/www.legaland.ad\/es\/contacto-barcelona\/' >+ INFO<\/a>[\/vc_column_inner][\/vc_row_inner][\/vc_column][\/vc_row]<\/p>\n","protected":false},"excerpt":{"rendered":"<p>[vc_row][vc_column][\/vc_column][\/vc_row][vc_row css=\u00bb.vc_custom_1443621235596{margin-bottom: 80px !important;}\u00bb][vc_column width=\u00bb1\/2&#8243;][vc_column_text] LEGALAND es una firma integrada por profesionales del derecho especialistas en diferentes disciplinas que trabaja para dar respuestas a las necesidades de sus clientes en su actividad econ\u00f3mica diaria, tanto a nivel nacional como internacional. Si bien LEGALAND\u00a0se fund\u00f3 originariamente como despacho de abogados especialista en derecho mercantil, de la&#8230;<\/p>\n","protected":false},"author":1,"featured_media":0,"parent":0,"menu_order":0,"comment_status":"closed","ping_status":"closed","template":"","meta":{"footnotes":""},"class_list":["post-1657","page","type-page","status-publish","hentry"],"_links":{"self":[{"href":"https:\/\/www.legaland.ad\/es\/wp-json\/wp\/v2\/pages\/1657","targetHints":{"allow":["GET"]}}],"collection":[{"href":"https:\/\/www.legaland.ad\/es\/wp-json\/wp\/v2\/pages"}],"about":[{"href":"https:\/\/www.legaland.ad\/es\/wp-json\/wp\/v2\/types\/page"}],"author":[{"embeddable":true,"href":"https:\/\/www.legaland.ad\/es\/wp-json\/wp\/v2\/users\/1"}],"replies":[{"embeddable":true,"href":"https:\/\/www.legaland.ad\/es\/wp-json\/wp\/v2\/comments?post=1657"}],"version-history":[{"count":6,"href":"https:\/\/www.legaland.ad\/es\/wp-json\/wp\/v2\/pages\/1657\/revisions"}],"predecessor-version":[{"id":2177,"href":"https:\/\/www.legaland.ad\/es\/wp-json\/wp\/v2\/pages\/1657\/revisions\/2177"}],"wp:attachment":[{"href":"https:\/\/www.legaland.ad\/es\/wp-json\/wp\/v2\/media?parent=1657"}],"curies":[{"name":"wp","href":"https:\/\/api.w.org\/{rel}","templated":true}]}}