{"id":1665,"date":"2016-01-27T11:02:57","date_gmt":"2016-01-27T11:02:57","guid":{"rendered":"http:\/\/www.legaland.ad\/valors-objectius\/"},"modified":"2017-05-16T10:48:05","modified_gmt":"2017-05-16T10:48:05","slug":"valores-objetivos","status":"publish","type":"page","link":"https:\/\/www.legaland.ad\/es\/valores-objetivos\/","title":{"rendered":"Valores y objetivos"},"content":{"rendered":"<p>[vc_row][vc_column]<div class='headline'><h2>Valores<\/h2><\/div>[\/vc_column][\/vc_row][vc_row][vc_column width=\u00bb1\/3&#8243;]<div class='icon-box-1'><i class='ifc-student'><\/i><div class='icon-box-content'><h3><a href='#' >Especializaci\u00f3n<\/a><\/h3><p>El equipo de Legaland est\u00e1 especializado en Derecho Societario, Derecho Contractual, Derecho Civil y de la Persona, Derecho Fiscal y Tributario y Residencia e Implantaci\u00f3n en Andorra.<\/p><\/div><\/div>[\/vc_column][vc_column width=\u00bb1\/3&#8243;]<div class='icon-box-1'><i class='ifc-scales_of_Balance'><\/i><div class='icon-box-content'><h3><a href='#' >Confianza y trato personalizado<\/a><\/h3><p>La confianza y el trato personalizado son el pilar fundamental de Legaland, el valor por el que los problemas de nuestros clientes son nuestras inquietudes.<\/p><\/div><\/div>[\/vc_column][vc_column width=\u00bb1\/3&#8243;]<div class='icon-box-1'><i class='ifc-security_checked'><\/i><div class='icon-box-content'><h3><a href='#' >Responsabilidad, \u00e9tica y transparencia<\/a><\/h3><p>En Legaland buscamos la m\u00e1xima responsabilidad y transparencia con las relaciones con nuestros clientes, as\u00ed como la \u00e9tica profesional exigida en el marco de nuestra actividad.<\/p><\/div><\/div>[\/vc_column][\/vc_row][vc_row][vc_column width=\u00bb1\/3&#8243;]<div class='icon-box-1'><i class='ifc-aquarius'><\/i><div class='icon-box-content'><h3><a href='#' >Integridad e independencia<\/a><\/h3><p>En\u00a0Legaland actuamos con integridad e independencia durante nuestro trabajo como auditores y asesores legales, fiscales y contables y en las relaciones con nuestros clientes.<\/p><\/div><\/div>[\/vc_column][vc_column width=\u00bb1\/3&#8243;]<div class='icon-box-1'><i class='ifc-presentation'><\/i><div class='icon-box-content'><h3><a href='#' >Optimizaci\u00f3n de resultados<\/a><\/h3><p>A Legaland trabajamos de manera integrada con el fin de optimizar resultados y ofrecer soluciones a medida a nuestros clientes que den respuesta a sus inquietudes.<\/p><\/div><\/div>[\/vc_column][vc_column width=\u00bb1\/3&#8243;]<div class='icon-box-1'><i class='ifc-design'><\/i><div class='icon-box-content'><h3><a href='#' >Esfuerzo y gusto por el trabajo bien hecho<\/a><\/h3><p>A Legaland creemos en el esfuerzo y el gusto por el trabajo bien hecho y procuramos que nuestros servicios est\u00e9n a la altura de nuestras expectativas.<\/p><\/div><\/div>[\/vc_column][\/vc_row][vc_row css=\u00bb.vc_custom_1487867678972{margin-top: 80px !important;margin-bottom: 80px !important;}\u00bb][vc_column][vc_gallery type=\u00bbimage_grid\u00bb images=\u00bb1505,1502,1503,1504&#8243; img_size=\u00bb275&#215;160&#8243; onclick=\u00bb\u00bb][\/vc_column][\/vc_row][vc_row][vc_column]<div class='headline'><h2>Objetivos<\/h2><\/div>[\/vc_column][\/vc_row][vc_row][vc_column width=\u00bb1\/2&#8243;][vc_single_image image=\u00bb2158&#8243; img_size=\u00bbfull\u00bb alignment=\u00bbright\u00bb css=\u00bb.vc_custom_1494863618233{padding-bottom: 20px !important;}\u00bb][\/vc_column][vc_column width=\u00bb1\/2&#8243; css=\u00bb.vc_custom_1487873978168{padding-top: 20px !important;}\u00bb][vc_column_text]<\/p>\n<ul class=\"check\">\n<li>Ser su abogado y asesor de confianza, aconsejarle para necesidades puntuales o recurrentes.<\/li>\n<li>Ayudar a crear su proyecto, planificar su conocimiento, desarrollarlo y, en su caso, dar soluciones para sanearlo.<\/li>\n<li>Abrir puertas a nuevas oportunidades de negocio y de inversi\u00f3n.<\/li>\n<li>Dar respuestas y soluciones a situaciones de crisis o dificultad.<\/li>\n<\/ul>\n<p>[\/vc_column_text][\/vc_column][\/vc_row][vc_row][vc_column][vc_empty_space height=\u00bb70px\u00bb][\/vc_column][\/vc_row][vc_row full_width=\u00bbstretch_row\u00bb css=\u00bb.vc_custom_1443626233479{margin-bottom: 100px !important;padding-top: 100px !important;padding-bottom: 70px !important;background-color: #000000 !important;}\u00bb nfw_row_font_color=\u00bb#ffffff\u00bb][vc_column]<div class='headline'><h2>La Firma<\/h2><\/div>[vc_row_inner][vc_column_inner width=\u00bb1\/3&#8243;]<div class='icon-box-1'><i class='ifc-user_male4'><\/i><div class='icon-box-content'><h3><a href='http:\/\/www.legaland.ad\/es\/quienes-somos\/' >quienes somos<\/a><\/h3><p>Firma integrada por profesionales especialistas en diferentes disciplinas que trabaja para dar respuestas a las necesidades de sus clientes.<\/p><\/div><\/div>[\/vc_column_inner][vc_column_inner width=\u00bb1\/3&#8243;]<div class='icon-box-1'><i class='ifc-security_checked'><\/i><div class='icon-box-content'><h3><a href='http:\/\/www.legaland.ad\/es\/valores-objetivos\/' >Valores y objetivos<\/a><\/h3><p>La responsabilidad, la transparencia, el esfuerzo y la \u00e9tica son los pilares del \u00e9xito sobre los que se sustenta la relaci\u00f3n con sus clientes.<\/p><\/div><\/div>[\/vc_column_inner][vc_column_inner width=\u00bb1\/3&#8243;]<div class='icon-box-1'><i class='ifc-connected_no_data'><\/i><div class='icon-box-content'><h3><a href='http:\/\/www.legaland.ad\/es\/equipo-alianzas\/' >Equipo y alianzas<\/a><\/h3><p>En <strong>LEGALAND<\/strong> creemos que la confianza del cliente, el trato personalizado y la optimizaci\u00f3n de resultados son nuestro bien m\u00e1s preciado.<\/p><\/div><\/div>[\/vc_column_inner][\/vc_row_inner][\/vc_column][\/vc_row][vc_row][vc_column]<div class='headline'><h2>Contacto<\/h2><\/div>[vc_row_inner][vc_column_inner width=\u00bb1\/2&#8243;][vc_single_image image=\u00bb1423&#8243; img_size=\u00bbfull\u00bb][\/vc_column_inner][vc_column_inner width=\u00bb1\/2&#8243;][vc_empty_space height=\u00bb15px\u00bb][vc_column_text]<\/p>\n<p style=\"text-align: justify;\">Ponte en contacto con nuestro<br \/>\nequipo. D\u00e9janos tu mensaje<br \/>\ny ser\u00e1s atendido lo antes posible.<\/p>\n<p>[\/vc_column_text]<a class='btn' href='http:\/\/www.legaland.ad\/es\/contacto-barcelona\/' >+ INFO<\/a>[\/vc_column_inner][\/vc_row_inner][\/vc_column][\/vc_row]<\/p>\n","protected":false},"excerpt":{"rendered":"<p>[vc_row][vc_column][\/vc_column][\/vc_row][vc_row][vc_column width=\u00bb1\/3&#8243;][\/vc_column][vc_column width=\u00bb1\/3&#8243;][\/vc_column][vc_column width=\u00bb1\/3&#8243;][\/vc_column][\/vc_row][vc_row][vc_column width=\u00bb1\/3&#8243;][\/vc_column][vc_column width=\u00bb1\/3&#8243;][\/vc_column][vc_column width=\u00bb1\/3&#8243;][\/vc_column][\/vc_row][vc_row css=\u00bb.vc_custom_1487867678972{margin-top: 80px !important;margin-bottom: 80px !important;}\u00bb][vc_column][vc_gallery type=\u00bbimage_grid\u00bb images=\u00bb1505,1502,1503,1504&#8243; img_size=\u00bb275&#215;160&#8243; onclick=\u00bb\u00bb][\/vc_column][\/vc_row][vc_row][vc_column][\/vc_column][\/vc_row][vc_row][vc_column width=\u00bb1\/2&#8243;][vc_single_image image=\u00bb2158&#8243; img_size=\u00bbfull\u00bb alignment=\u00bbright\u00bb css=\u00bb.vc_custom_1494863618233{padding-bottom: 20px !important;}\u00bb][\/vc_column][vc_column width=\u00bb1\/2&#8243; css=\u00bb.vc_custom_1487873978168{padding-top: 20px !important;}\u00bb][vc_column_text] Ser su abogado y asesor de confianza, aconsejarle para necesidades puntuales o recurrentes. Ayudar a crear su proyecto, planificar su conocimiento, desarrollarlo y, en su caso, dar soluciones&#8230;<\/p>\n","protected":false},"author":2,"featured_media":0,"parent":0,"menu_order":0,"comment_status":"closed","ping_status":"closed","template":"","meta":{"footnotes":""},"class_list":["post-1665","page","type-page","status-publish","hentry"],"_links":{"self":[{"href":"https:\/\/www.legaland.ad\/es\/wp-json\/wp\/v2\/pages\/1665","targetHints":{"allow":["GET"]}}],"collection":[{"href":"https:\/\/www.legaland.ad\/es\/wp-json\/wp\/v2\/pages"}],"about":[{"href":"https:\/\/www.legaland.ad\/es\/wp-json\/wp\/v2\/types\/page"}],"author":[{"embeddable":true,"href":"https:\/\/www.legaland.ad\/es\/wp-json\/wp\/v2\/users\/2"}],"replies":[{"embeddable":true,"href":"https:\/\/www.legaland.ad\/es\/wp-json\/wp\/v2\/comments?post=1665"}],"version-history":[{"count":7,"href":"https:\/\/www.legaland.ad\/es\/wp-json\/wp\/v2\/pages\/1665\/revisions"}],"predecessor-version":[{"id":2178,"href":"https:\/\/www.legaland.ad\/es\/wp-json\/wp\/v2\/pages\/1665\/revisions\/2178"}],"wp:attachment":[{"href":"https:\/\/www.legaland.ad\/es\/wp-json\/wp\/v2\/media?parent=1665"}],"curies":[{"name":"wp","href":"https:\/\/api.w.org\/{rel}","templated":true}]}}