{"id":1686,"date":"2017-04-12T15:12:19","date_gmt":"2017-04-12T15:12:19","guid":{"rendered":"http:\/\/www.legaland.ad\/dret-contractual\/"},"modified":"2017-05-11T10:36:54","modified_gmt":"2017-05-11T10:36:54","slug":"derecho-contractual","status":"publish","type":"page","link":"https:\/\/www.legaland.ad\/es\/derecho-contractual\/","title":{"rendered":"Derecho Contractual"},"content":{"rendered":"<p>[vc_row full_width=\u00bbstretch_row\u00bb css=\u00bb.vc_custom_1492010682515{margin-bottom: -50px !important;padding-top: 50px !important;padding-bottom: 100px !important;}\u00bb nfw_row_font_color=\u00bb#0a0a0a\u00bb][vc_column]<div class='headline'><h2>DERECHO CONTRACTUAL<br \/>\n(MERCANTIL)<\/h2><\/div>[vc_single_image image=\u00bb1447&#8243; img_size=\u00bbfull\u00bb alignment=\u00bbcenter\u00bb css=\u00bb.vc_custom_1487092159343{margin-top: -90px !important;}\u00bb][vc_tta_accordion color=\u00bbwhite\u00bb c_position=\u00bbright\u00bb active_section=\u00bb1&#8243; el_class=\u00bbfuse-a\u00bb no_fill=\u00bbtrue\u00bb][vc_tta_section title=\u00bbASESORAMIENTO JUR\u00cdDICO EN LA CELEBRACI\u00d3N DE CONTRATOS MERCANTILES Y CIVILES\u00bb tab_id=\u00bb1487093816203-3876cda8-3e3b\u00bb][vc_column_text]\u00b7 Intervenci\u00f3n en la negociaci\u00f3n y mediaci\u00f3n de los acuerdos.<br \/>\n\u00b7 Preparaci\u00f3n de documentos previa en la ormalitzaci\u00f3 o pre-acuerdos.[\/vc_column_text][\/vc_tta_section][vc_tta_section title=\u00bb REDACCI\u00d3N DE CONTRATOS MERCANTILES Y CIVILES\u00bb tab_id=\u00bb1487093816379-965aae39-23ea\u00bb][vc_column_text]\u00b7 Contratos de compraventa mercantil.<br \/>\n\u00b7 Contratos de pr\u00e9stamo mercantil.<br \/>\n\u00b7 Contratos de permuta mercantil.<br \/>\n\u00b7 Contratos de transporte y INCOTERMS.<br \/>\n\u00b7 Contratos de dep\u00f3sito.<br \/>\n\u00b7 Contracetes de afianzamiento.<br \/>\n\u00b7 Contratos de sociedad: Joint-venture, contratos para sociales, UTE, cuentas en participaci\u00f3n.<br \/>\n\u00b7 Contratos de colaboraci\u00f3n en \u00e1mbito nacional e internacional (contratos de agencia, comisi\u00f3n y distribuci\u00f3n).<br \/>\n\u00b7 Contratos de gesti\u00f3n de negocio, hotelera, etc.<br \/>\n\u00b7 Contratos y negociaci\u00f3n en \u00e1mbito urban\u00edstico: permutas, adquisiciones, intermediaci\u00f3n con la administraci\u00f3n p\u00fablica.[\/vc_column_text][\/vc_tta_section][vc_tta_section title=\u00bbPROPIEDAD INTELECTUAL E INDUSTRIAL\u00bb tab_id=\u00bb1487093816548-0171f62a-d7f2&#8243;][vc_column_text]\u00b7 Registro de marcas: signos distintivos y tr\u00e1mites ante la Oficina de Marcas y Patentes.<br \/>\n\u00b7 Contratos de cesi\u00f3n y licencia de marcas.<br \/>\n\u00b7 Protecci\u00f3n de la titularidad de signos distintivos y otros derechos.<br \/>\n\u00b7 Contratos de cesi\u00f3n de derechos de imagen.<br \/>\n\u00b7 Obras colectivas y derechos de autor.[\/vc_column_text][\/vc_tta_section][vc_tta_section title=\u00bb \u00c1REA LABORAL\u00bb tab_id=\u00bb1487093816736-e1ad6326-064b\u00bb][vc_column_text]\u00b7 Contracanto de duraci\u00f3n indefinida o ide duraci\u00f3n determinada.<br \/>\n\u00b7 Contratos por obra o servicios.<br \/>\n\u00b7 Contratos de temporada.<br \/>\n\u00b7 Otros contratos laborales: interinidad, fijo discontinuo.<br \/>\n\u00b7 Alta direcci\u00f3n.<br \/>\n\u00b7 Procedimientos sancionadores y disciplinarios: despidos.<br \/>\n\u00b7 Reorganizaci\u00f3n y planificaci\u00f3n de recursos humanos.[\/vc_column_text][\/vc_tta_section][\/vc_tta_accordion][\/vc_column][\/vc_row][vc_row][vc_column][vc_separator][\/vc_column][\/vc_row][vc_row css=\u00bb.vc_custom_1492010630513{padding-top: 50px !important;padding-bottom: 50px !important;}\u00bb][vc_column width=\u00bb1\/4&#8243;]<div class='icon-box-1'><i class='ifc-scales_of_Balance'><\/i><div class='icon-box-content'><h3><a href='http:\/\/www.legaland.ad\/es\/derecho-societario' >Derecho Societario (Mercantil)<\/a><\/h3><\/div><\/div>[\/vc_column][vc_column width=\u00bb1\/4&#8243;]<div class='icon-box-1'><i class='ifc-user_female4'><\/i><div class='icon-box-content'><h3><a href='http:\/\/www.legaland.ad\/es\/derecho-civil-persona' >Derecho Civil y de la Persona<\/a><\/h3><\/div><\/div>[\/vc_column][vc_column width=\u00bb1\/4&#8243;]<div class='icon-box-1'><i class='ifc-student'><\/i><div class='icon-box-content'><h3><a href='http:\/\/www.legaland.ad\/es\/derecho-fiscal-tributario' >Derecho Fiscal y Tributario<\/a><\/h3><\/div><\/div>[\/vc_column][vc_column width=\u00bb1\/4&#8243;]<div class='icon-box-1'><i class='ifc-home'><\/i><div class='icon-box-content'><h3><a href='http:\/\/www.legaland.ad\/es\/residencia-implantacion' >Residencia e Implantaci\u00f3n <\/a><\/h3><\/div><\/div>[\/vc_column][\/vc_row][vc_row][vc_column][vc_separator][\/vc_column][\/vc_row]<\/p>\n","protected":false},"excerpt":{"rendered":"<p>[vc_row full_width=\u00bbstretch_row\u00bb css=\u00bb.vc_custom_1492010682515{margin-bottom: -50px !important;padding-top: 50px !important;padding-bottom: 100px !important;}\u00bb nfw_row_font_color=\u00bb#0a0a0a\u00bb][vc_column][vc_single_image image=\u00bb1447&#8243; img_size=\u00bbfull\u00bb alignment=\u00bbcenter\u00bb css=\u00bb.vc_custom_1487092159343{margin-top: -90px !important;}\u00bb][vc_tta_accordion color=\u00bbwhite\u00bb c_position=\u00bbright\u00bb active_section=\u00bb1&#8243; el_class=\u00bbfuse-a\u00bb no_fill=\u00bbtrue\u00bb][vc_tta_section title=\u00bbASESORAMIENTO JUR\u00cdDICO EN LA CELEBRACI\u00d3N DE CONTRATOS MERCANTILES Y CIVILES\u00bb tab_id=\u00bb1487093816203-3876cda8-3e3b\u00bb][vc_column_text]\u00b7 Intervenci\u00f3n en la negociaci\u00f3n y mediaci\u00f3n de los acuerdos. \u00b7 Preparaci\u00f3n de documentos previa en la ormalitzaci\u00f3 o pre-acuerdos.[\/vc_column_text][\/vc_tta_section][vc_tta_section title=\u00bb REDACCI\u00d3N DE CONTRATOS&#8230;<\/p>\n","protected":false},"author":2,"featured_media":0,"parent":0,"menu_order":0,"comment_status":"closed","ping_status":"closed","template":"","meta":{"footnotes":""},"class_list":["post-1686","page","type-page","status-publish","hentry"],"_links":{"self":[{"href":"https:\/\/www.legaland.ad\/es\/wp-json\/wp\/v2\/pages\/1686","targetHints":{"allow":["GET"]}}],"collection":[{"href":"https:\/\/www.legaland.ad\/es\/wp-json\/wp\/v2\/pages"}],"about":[{"href":"https:\/\/www.legaland.ad\/es\/wp-json\/wp\/v2\/types\/page"}],"author":[{"embeddable":true,"href":"https:\/\/www.legaland.ad\/es\/wp-json\/wp\/v2\/users\/2"}],"replies":[{"embeddable":true,"href":"https:\/\/www.legaland.ad\/es\/wp-json\/wp\/v2\/comments?post=1686"}],"version-history":[{"count":3,"href":"https:\/\/www.legaland.ad\/es\/wp-json\/wp\/v2\/pages\/1686\/revisions"}],"predecessor-version":[{"id":1706,"href":"https:\/\/www.legaland.ad\/es\/wp-json\/wp\/v2\/pages\/1686\/revisions\/1706"}],"wp:attachment":[{"href":"https:\/\/www.legaland.ad\/es\/wp-json\/wp\/v2\/media?parent=1686"}],"curies":[{"name":"wp","href":"https:\/\/api.w.org\/{rel}","templated":true}]}}