{"id":1690,"date":"2017-04-12T14:34:08","date_gmt":"2017-04-12T14:34:08","guid":{"rendered":"http:\/\/www.legaland.ad\/dret-societari\/"},"modified":"2017-05-11T10:39:14","modified_gmt":"2017-05-11T10:39:14","slug":"derecho-societario","status":"publish","type":"page","link":"https:\/\/www.legaland.ad\/es\/derecho-societario\/","title":{"rendered":"Derecho Societario"},"content":{"rendered":"<p>[vc_row full_width=\u00bbstretch_row\u00bb css=\u00bb.vc_custom_1492007930851{margin-bottom: -50px !important;padding-top: 50px !important;padding-bottom: 100px !important;}\u00bb nfw_row_font_color=\u00bb#0a0a0a\u00bb][vc_column]<div class='headline'><h2>DERECHO SOCIETARIO<br \/>\n(MERCANTIL)<\/h2><\/div>[vc_single_image image=\u00bb1447&#8243; img_size=\u00bbfull\u00bb alignment=\u00bbcenter\u00bb css=\u00bb.vc_custom_1487092159343{margin-top: -90px !important;}\u00bb][vc_tta_accordion color=\u00bbwhite\u00bb c_position=\u00bbright\u00bb active_section=\u00bb1&#8243; el_class=\u00bbfuse-a\u00bb no_fill=\u00bbtrue\u00bb][vc_tta_section title=\u00bb OPERACIONES SOCIETARIAS\u00bb tab_id=\u00bb1444285309995-0a60ebe9-16f8&#8243;][vc_column_text]\u00b7 Ampliaciones i reducciones de capital.<br \/>\n\u00b7 Modificaciones estructurales: fusiones, escisiones y transformaciones.<br \/>\n\u00b7 Modificaciones estatutarias.<br \/>\n\u00b7 Otorgamiento de poderes.<br \/>\n\u00b7 Renovaci\u00f3n de cargos societarios.[\/vc_column_text][\/vc_tta_section][vc_tta_section title=\u00bbADQUISICIONES Y VENTAS\u00bb tab_id=\u00bb1444285310264-8308b1bb-a466&#8243;][vc_column_text]\u00b7 De empresas o grupos empresariales, activos empresariales.<br \/>\n\u00b7 Modificaciones estructurales: fusiones, escisiones, cesi\u00f3n global de activo y pasivo, transformaciones.<br \/>\n\u00b7 Canje de acciones, aportaciones de rama de actividad.<br \/>\n\u00b7 Due Diligences, LOI\u2019s.<br \/>\n\u00b7 Joint Ventures.[\/vc_column_text][\/vc_tta_section][vc_tta_section title=\u00bbDESINVERSIONES\u00bb tab_id=\u00bb1444285310524-51c80490-6c60&#8243;][vc_column_text]\u00b7 Estrategias de desinversi\u00f3n alternativas: devoluci\u00f3n de aportaciones y otras formas de reestructuraci\u00f3n del capital.[\/vc_column_text][\/vc_tta_section][vc_tta_section title=\u00bbPACTOS PARASOCIALES\u00bb tab_id=\u00bb1487092811919-94f432ec-a1cb\u00bb][vc_column_text]\u00b7 Redacci\u00f3n de pactos societarios internos y externos (put and call, drag along, tag and long, sindicaciones especiales, prohibiciones de disponer, pactos de confidencialidad y de no competencia, soluciones de desbloqueo de voto, derechos de acompa\u00f1amiento, etc.).[\/vc_column_text][\/vc_tta_section][vc_tta_section title=\u00bbNEGOCIACI\u00d3N EN CONFLICTOS\u00bb tab_id=\u00bb1487092976726-5f0caf49-4e46&#8243;][vc_column_text]\u00b7 De socios \/ accionistas.<br \/>\n\u00b7 Asesoramiento en medidas de protecci\u00f3n a socios minoritarios y procedimientos de salida de capital.[\/vc_column_text][\/vc_tta_section][vc_tta_section title=\u00bb SECRETAR\u00cdA ORG\u00c1NICA Y T\u00c9CNICA DE LOS CONSEJOS DE ADMINISTRACI\u00d3N Y JUNTAS GENERALES\u00bb tab_id=\u00bb1487092978355-462d8068-a6bd\u00bb][vc_column_text]\u00b7 Control de Libros Societarios (de Actas y Libro Registro de Socios \/ Acciones Nominativas).<br \/>\n\u00b7 Formulaci\u00f3n y aprobaci\u00f3n de cuentas anuales por los \u00f3rganos sociales.<br \/>\n\u00b7 Nombramiento de auditores. Reglamentos de Junta y Consejo.<br \/>\n\u00b7 Informes de gobierno corporativo.<br \/>\n\u00b7 C\u00f3digos de buen gobierno.<br \/>\n\u00b7 Voto electr\u00f3nico.[\/vc_column_text][\/vc_tta_section][vc_tta_section title=\u00bbEMPRESA FAMILIAR\u00bb tab_id=\u00bb1487093036625-a275c023-12eb\u00bb][vc_column_text]\u00b7 Reestructuraci\u00f3n de grupos societarios.<br \/>\n\u00b7 Implementaci\u00f3n de Protocolos Familiares en los Estatutos Sociales y desarrollo de acuerdos privados entre socios \/ miembros de la familia.[\/vc_column_text][\/vc_tta_section][vc_tta_section title=\u00bbPLANIFICACI\u00d3N FINANCIERA Y FISCAL\u00bb tab_id=\u00bb1487093074467-99cc806d-c5ff\u00bb][vc_column_text]\u00b7 Asesoramiento en inversiones nacionales y extranjeras.<br \/>\n\u00b7 Planificaci\u00f3n fiscal: retribuciones de socios, altos directivos, etc.[\/vc_column_text][\/vc_tta_section][vc_tta_section title=\u00bbPLANIFICACI\u00d3N TESTAMENTARIA\u00bb tab_id=\u00bb1487093134701-b282f33d-04e3&#8243;][vc_column_text]\u00b7 De miembros de empresa familiar.<br \/>\n\u00b7 Planificaci\u00f3n sucesoria: instituci\u00f3n de herederos, legado y leg\u00edtima.<br \/>\n\u00b7 Testamentos codicilos y fideicomisos.<br \/>\n\u00b7 Adaptaci\u00f3n estatuaria del r\u00e9gimen de transmisi\u00f3n de participaciones sociales y acciones.[\/vc_column_text][\/vc_tta_section][vc_tta_section title=\u00bbDISOLUCI\u00d3N Y LIQUIDACI\u00d3N DE SOCIEDADES\u00bb tab_id=\u00bb1487093162950-dba8d1b5-eae8&#8243;][vc_column_text]\u00b7 Examen de la situaci\u00f3n patrimonial de las empresas y b\u00fasqueda de soluciones alternativas.<br \/>\n\u00b7 Acciones de responsabilidad de administradores.[\/vc_column_text][\/vc_tta_section][vc_tta_section title=\u00bbOPERACIONES DE REFINANCIACI\u00d3N\u00bb tab_id=\u00bb1487093301643-224aef8a-34f4&#8243;][vc_column_text]\u00b7 Negociaciones en operaciones de activos y pasivos entre instituciones financieras y entidades p\u00fablicas y privadas.[\/vc_column_text][\/vc_tta_section][vc_tta_section title=\u00bbASESORAMIENTO JUR\u00cdDICO Y CONSULTOR\u00cdA DE NEGOCIO\u00bb tab_id=\u00bb1487093333130-41633b1f-1c1b\u00bb][vc_column_text]\u00b7 En la implementaci\u00f3n y expansi\u00f3n de nuevos proyectos comerciales.<br \/>\n\u00b7 Inversiones en Espa\u00f1a y en el extranjero.[\/vc_column_text][\/vc_tta_section][vc_tta_section title=\u00bbASESORAMIENTO A FUNDACIONES Y ENTIDADES SIN \u00c1NIMO DE LUCRO\u00bb tab_id=\u00bb1487093361176-6eb78dde-007a\u00bb][vc_column_text]\u00b7 Secretariado Jur\u00eddico.<br \/>\n\u00b7 Redacci\u00f3n de convenios y acuerdos con otras instituciones.[\/vc_column_text][\/vc_tta_section][\/vc_tta_accordion][\/vc_column][\/vc_row][vc_row][vc_column][vc_separator][\/vc_column][\/vc_row][vc_row css=\u00bb.vc_custom_1492008918486{padding-top: 50px !important;padding-bottom: 50px !important;}\u00bb][vc_column width=\u00bb1\/4&#8243;]<div class='icon-box-1'><i class='ifc-stack'><\/i><div class='icon-box-content'><h3><a href='http:\/\/www.legaland.ad\/es\/derecho-contractual' >Drecho Contractual<\/a><\/h3><\/div><\/div>[\/vc_column][vc_column width=\u00bb1\/4&#8243;]<div class='icon-box-1'><i class='ifc-user_female4'><\/i><div class='icon-box-content'><h3><a href='http:\/\/www.legaland.ad\/es\/derecho-civil-persona' >Derecho Civil y de la Persona<\/a><\/h3><\/div><\/div>[\/vc_column][vc_column width=\u00bb1\/4&#8243;]<div class='icon-box-1'><i class='ifc-student'><\/i><div class='icon-box-content'><h3><a href='http:\/\/www.legaland.ad\/es\/derecho-fiscal-tributario' >Derecho Fiscal y Tributario<\/a><\/h3><\/div><\/div>[\/vc_column][vc_column width=\u00bb1\/4&#8243;]<div class='icon-box-1'><i class='ifc-home'><\/i><div class='icon-box-content'><h3><a href='http:\/\/www.legaland.ad\/es\/residencia-implantacion' >Residencia e Implantaci\u00f3n<\/a><\/h3><\/div><\/div>[\/vc_column][\/vc_row][vc_row][vc_column][vc_separator][\/vc_column][\/vc_row]<\/p>\n","protected":false},"excerpt":{"rendered":"<p>[vc_row full_width=\u00bbstretch_row\u00bb css=\u00bb.vc_custom_1492007930851{margin-bottom: -50px !important;padding-top: 50px !important;padding-bottom: 100px !important;}\u00bb nfw_row_font_color=\u00bb#0a0a0a\u00bb][vc_column][vc_single_image image=\u00bb1447&#8243; img_size=\u00bbfull\u00bb alignment=\u00bbcenter\u00bb css=\u00bb.vc_custom_1487092159343{margin-top: -90px !important;}\u00bb][vc_tta_accordion color=\u00bbwhite\u00bb c_position=\u00bbright\u00bb active_section=\u00bb1&#8243; el_class=\u00bbfuse-a\u00bb no_fill=\u00bbtrue\u00bb][vc_tta_section title=\u00bb OPERACIONES SOCIETARIAS\u00bb tab_id=\u00bb1444285309995-0a60ebe9-16f8&#8243;][vc_column_text]\u00b7 Ampliaciones i reducciones de capital. \u00b7 Modificaciones estructurales: fusiones, escisiones y transformaciones. \u00b7 Modificaciones estatutarias. \u00b7 Otorgamiento de poderes. \u00b7 Renovaci\u00f3n de cargos societarios.[\/vc_column_text][\/vc_tta_section][vc_tta_section title=\u00bbADQUISICIONES Y VENTAS\u00bb tab_id=\u00bb1444285310264-8308b1bb-a466&#8243;][vc_column_text]\u00b7 De empresas&#8230;<\/p>\n","protected":false},"author":2,"featured_media":0,"parent":0,"menu_order":0,"comment_status":"closed","ping_status":"closed","template":"","meta":{"footnotes":""},"class_list":["post-1690","page","type-page","status-publish","hentry"],"_links":{"self":[{"href":"https:\/\/www.legaland.ad\/es\/wp-json\/wp\/v2\/pages\/1690","targetHints":{"allow":["GET"]}}],"collection":[{"href":"https:\/\/www.legaland.ad\/es\/wp-json\/wp\/v2\/pages"}],"about":[{"href":"https:\/\/www.legaland.ad\/es\/wp-json\/wp\/v2\/types\/page"}],"author":[{"embeddable":true,"href":"https:\/\/www.legaland.ad\/es\/wp-json\/wp\/v2\/users\/2"}],"replies":[{"embeddable":true,"href":"https:\/\/www.legaland.ad\/es\/wp-json\/wp\/v2\/comments?post=1690"}],"version-history":[{"count":3,"href":"https:\/\/www.legaland.ad\/es\/wp-json\/wp\/v2\/pages\/1690\/revisions"}],"predecessor-version":[{"id":1704,"href":"https:\/\/www.legaland.ad\/es\/wp-json\/wp\/v2\/pages\/1690\/revisions\/1704"}],"wp:attachment":[{"href":"https:\/\/www.legaland.ad\/es\/wp-json\/wp\/v2\/media?parent=1690"}],"curies":[{"name":"wp","href":"https:\/\/api.w.org\/{rel}","templated":true}]}}