{"id":1694,"date":"2017-04-12T15:23:25","date_gmt":"2017-04-12T15:23:25","guid":{"rendered":"http:\/\/www.legaland.ad\/dret-civil-i-persona\/"},"modified":"2017-05-11T10:53:43","modified_gmt":"2017-05-11T10:53:43","slug":"derecho-civil-persona","status":"publish","type":"page","link":"https:\/\/www.legaland.ad\/es\/derecho-civil-persona\/","title":{"rendered":"Derecho Civil y de la Persona"},"content":{"rendered":"<p>[vc_row full_width=\u00bbstretch_row\u00bb css=\u00bb.vc_custom_1492012620499{margin-bottom: -50px !important;padding-top: 50px !important;padding-bottom: 100px !important;}\u00bb nfw_row_font_color=\u00bb#0a0a0a\u00bb][vc_column]<div class='headline'><h2>DERECHO CIVIL Y DE LA PERSONA<\/h2><\/div>[vc_single_image image=\u00bb1447&#8243; img_size=\u00bbfull\u00bb alignment=\u00bbcenter\u00bb css=\u00bb.vc_custom_1487092159343{margin-top: -90px !important;}\u00bb][vc_tta_accordion color=\u00bbwhite\u00bb c_position=\u00bbright\u00bb active_section=\u00bb1&#8243; el_class=\u00bbfuse-a\u00bb no_fill=\u00bbtrue\u00bb][vc_tta_section title=\u00bbDERECHOS DE LA PERSONA\u00bb tab_id=\u00bb1487095515520-156e2edf-f770&#8243;][vc_column_text]\u00b7 Adquisici\u00f3n y p\u00e9rdida de nacionalidad andorrana.<br \/>\n\u00b7 Adquisici\u00f3n y mantenimiento de permiso de residencia activa y pasiva.[\/vc_column_text][\/vc_tta_section][vc_tta_section title=\u00bbDERECHOS REALES\u00bb tab_id=\u00bb1487095515740-cc7d9b77-8fdf\u00bb][vc_column_text]\u00b7 Derechos de propiedad y posesi\u00f3n: arras, adquisici\u00f3n, derechos de opci\u00f3n de compra, permuta.<br \/>\n\u00b7 Usufructo, servidumbre, censo enfit\u00e9utico.<br \/>\n\u00b7 Derechos reales de garant\u00eda: prenda, hipoteca.[\/vc_column_text][\/vc_tta_section][vc_tta_section title=\u00bbDERECHO DE SUCESIONES\u00bb tab_id=\u00bb1487095515954-118e7003-cc02&#8243;][vc_column_text]\u00b7 Herencias testadas: testamentos, codicilos, legados, fideicomisos.<br \/>\n\u00b7 Herencias intestadas.<br \/>\n\u00b7 Aceptaci\u00f3n y repudiaci\u00f3n de herencias.<br \/>\n\u00b7 Impugnaci\u00f3n de herencias.[\/vc_column_text][\/vc_tta_section][vc_tta_section title=\u00bbOBLIGACIONES\u00bb tab_id=\u00bb1487095516179-5dc05916-58c4&#8243;][vc_column_text]\u00b7 Cumplimiento, incumplimiento y modificaciones de las obl\u00f1igacions.<br \/>\n\u00b7 Sistemas de garant\u00edas.<br \/>\n\u00b7 Protecci\u00f3n del derecho de cr\u00e9dito de las personas f\u00edsicas. Reclamaci\u00f3n extrajudicial y judicial de cr\u00e9ditos.[\/vc_column_text][\/vc_tta_section][\/vc_tta_accordion][\/vc_column][\/vc_row][vc_row][vc_column][vc_separator][\/vc_column][\/vc_row][vc_row css=\u00bb.vc_custom_1492012628166{padding-top: 50px !important;padding-bottom: 50px !important;}\u00bb][vc_column width=\u00bb1\/4&#8243;]<div class='icon-box-1'><i class='ifc-scales_of_Balance'><\/i><div class='icon-box-content'><h3><a href='http:\/\/www.legaland.ad\/es\/derecho-societario' >Derecho Societario (Mercantil)<\/a><\/h3><\/div><\/div>[\/vc_column][vc_column width=\u00bb1\/4&#8243;]<div class='icon-box-1'><i class='ifc-stack'><\/i><div class='icon-box-content'><h3><a href='http:\/\/www.legaland.ad\/es\/derecho-contractual' >Derecho Contractual<\/a><\/h3><\/div><\/div>[\/vc_column][vc_column width=\u00bb1\/4&#8243;]<div class='icon-box-1'><i class='ifc-student'><\/i><div class='icon-box-content'><h3><a href='http:\/\/www.legaland.ad\/es\/derecho-fiscal-tributario' >Derecho Fiscal y Tributario<\/a><\/h3><\/div><\/div>[\/vc_column][vc_column width=\u00bb1\/4&#8243;]<div class='icon-box-1'><i class='ifc-home'><\/i><div class='icon-box-content'><h3><a href='http:\/\/www.legaland.ad\/es\/residencia-implantacion' >Residencia e Implantaci\u00f3n<\/a><\/h3><\/div><\/div>[\/vc_column][\/vc_row][vc_row][vc_column][vc_separator][\/vc_column][\/vc_row]<\/p>\n","protected":false},"excerpt":{"rendered":"<p>[vc_row full_width=\u00bbstretch_row\u00bb css=\u00bb.vc_custom_1492012620499{margin-bottom: -50px !important;padding-top: 50px !important;padding-bottom: 100px !important;}\u00bb nfw_row_font_color=\u00bb#0a0a0a\u00bb][vc_column][vc_single_image image=\u00bb1447&#8243; img_size=\u00bbfull\u00bb alignment=\u00bbcenter\u00bb css=\u00bb.vc_custom_1487092159343{margin-top: -90px !important;}\u00bb][vc_tta_accordion color=\u00bbwhite\u00bb c_position=\u00bbright\u00bb active_section=\u00bb1&#8243; el_class=\u00bbfuse-a\u00bb no_fill=\u00bbtrue\u00bb][vc_tta_section title=\u00bbDERECHOS DE LA PERSONA\u00bb tab_id=\u00bb1487095515520-156e2edf-f770&#8243;][vc_column_text]\u00b7 Adquisici\u00f3n y p\u00e9rdida de nacionalidad andorrana. \u00b7 Adquisici\u00f3n y mantenimiento de permiso de residencia activa y pasiva.[\/vc_column_text][\/vc_tta_section][vc_tta_section title=\u00bbDERECHOS REALES\u00bb tab_id=\u00bb1487095515740-cc7d9b77-8fdf\u00bb][vc_column_text]\u00b7 Derechos de propiedad y posesi\u00f3n: arras, adquisici\u00f3n, derechos de&#8230;<\/p>\n","protected":false},"author":2,"featured_media":0,"parent":0,"menu_order":0,"comment_status":"closed","ping_status":"closed","template":"","meta":{"footnotes":""},"class_list":["post-1694","page","type-page","status-publish","hentry"],"_links":{"self":[{"href":"https:\/\/www.legaland.ad\/es\/wp-json\/wp\/v2\/pages\/1694","targetHints":{"allow":["GET"]}}],"collection":[{"href":"https:\/\/www.legaland.ad\/es\/wp-json\/wp\/v2\/pages"}],"about":[{"href":"https:\/\/www.legaland.ad\/es\/wp-json\/wp\/v2\/types\/page"}],"author":[{"embeddable":true,"href":"https:\/\/www.legaland.ad\/es\/wp-json\/wp\/v2\/users\/2"}],"replies":[{"embeddable":true,"href":"https:\/\/www.legaland.ad\/es\/wp-json\/wp\/v2\/comments?post=1694"}],"version-history":[{"count":3,"href":"https:\/\/www.legaland.ad\/es\/wp-json\/wp\/v2\/pages\/1694\/revisions"}],"predecessor-version":[{"id":1709,"href":"https:\/\/www.legaland.ad\/es\/wp-json\/wp\/v2\/pages\/1694\/revisions\/1709"}],"wp:attachment":[{"href":"https:\/\/www.legaland.ad\/es\/wp-json\/wp\/v2\/media?parent=1694"}],"curies":[{"name":"wp","href":"https:\/\/api.w.org\/{rel}","templated":true}]}}