{"id":1698,"date":"2017-04-12T15:28:28","date_gmt":"2017-04-12T15:28:28","guid":{"rendered":"http:\/\/www.legaland.ad\/dret-fiscal-i-tributari\/"},"modified":"2017-05-11T11:09:11","modified_gmt":"2017-05-11T11:09:11","slug":"derecho-fiscal-tributario","status":"publish","type":"page","link":"https:\/\/www.legaland.ad\/es\/derecho-fiscal-tributario\/","title":{"rendered":"Derecho Fiscal y Tributario"},"content":{"rendered":"<p>[vc_row full_width=\u00bbstretch_row\u00bb css=\u00bb.vc_custom_1492012422867{margin-bottom: -50px !important;padding-top: 50px !important;padding-bottom: 100px !important;}\u00bb nfw_row_font_color=\u00bb#0a0a0a\u00bb][vc_column]<div class='headline'><h2>DERECHO FISCAL Y TRIBUTARIO<\/h2><\/div>[vc_single_image image=\u00bb1447&#8243; img_size=\u00bbfull\u00bb alignment=\u00bbcenter\u00bb css=\u00bb.vc_custom_1487092159343{margin-top: -90px !important;}\u00bb][vc_tta_accordion color=\u00bbwhite\u00bb c_position=\u00bbright\u00bb active_section=\u00bb1&#8243; el_class=\u00bbfuse-a\u00bb no_fill=\u00bbtrue\u00bb][vc_tta_section title=\u00bb ASESORAMIENTO PERSONAS F\u00cdSICAS Y GRUPOS FAMILIARES\u00bb tab_id=\u00bb1487095941893-00c44920-3b88&#8243;][vc_column_text]\u00b7 Asesoramiento en la gesti\u00f3n de su patrimonio a trav\u00e9s de la planificaci\u00f3n y el asesoramiento fiscal, gesti\u00f3n de inversiones y family offices.[\/vc_column_text][\/vc_tta_section][vc_tta_section title=\u00bbFISCALIDAD DE ARTISTAS Y DEPORTISTAS\u00bb tab_id=\u00bb1493104499682-0ee9bc29-ec95&#8243;][vc_column_text]\u00b7 Asesoramiento fiscal a artistas y deportistas de \u00e9lite que quieren fijar su residencia en Andorra.[\/vc_column_text][\/vc_tta_section][vc_tta_section title=\u00bbFISCALIDAD INTERNACIONAL: ASESORAMIENTO LEGAL Y FINANCIERO DE TRANSACCIONES Y ESTRUCTURAS INTERNACIONALES\u00bb tab_id=\u00bb1493104570346-4cba0430-6210&#8243;][vc_column_text]\u00b7 Asesoramiento ajustado a las necesidades de nuestros clientes con el objetivo de ayudarles y acompa\u00f1arles en la gesti\u00f3n y planificaci\u00f3n eficaz de sus operaciones.[\/vc_column_text][\/vc_tta_section][vc_tta_section title=\u00bbFISCALIDAD INMOBILIARIA Y OTROS ACTIVOS\u00bb tab_id=\u00bb1493104649317-83acee34-daf5&#8243;][vc_column_text]\u00b7 Asesoramiento en operaciones inmobiliarias y su financiaci\u00f3n.<br \/>\n\u00b7 Asesoramiento en explotaci\u00f3n de derechos intangibles (IP box): marcas, patentes, derechos de imagen, derechos de autor.[\/vc_column_text][\/vc_tta_section][vc_tta_section title=\u00bbFISCALIDAD CORPORATIVA\u00bb tab_id=\u00bb1493104705128-34cd6279-27e6&#8243;][vc_column_text]\u00b7 Asesoramiento continuado a empresas y en espec\u00edfico en planificaci\u00f3n fiscal fusiones, adquisiciones y reestructuraciones, tanto a nivel nacional como internacional.<br \/>\n\u00b7 Due diligence fiscales.<br \/>\n\u00b7 Organizaci\u00f3n de rendimientos y recursos: royalties, dividendos.[\/vc_column_text][\/vc_tta_section][vc_tta_section title=\u00bbFISCALIDAD FINANCIERA\u00bb tab_id=\u00bb1493104921875-bc7d113f-2387&#8243;][vc_column_text]\u00b7 Asesoramiento a entidades bancarias y financieras.[\/vc_column_text][\/vc_tta_section][vc_tta_section title=\u00bbFISCALIDAD CONTENCIOSA\u00bb tab_id=\u00bb1493104964984-57575f23-b38a\u00bb][vc_column_text]\u00b7 Asesoramiento y tramitaci\u00f3n de todo tipo de procedimientos, recursos o litigios que los contribuyentes puedan tener con Administraciones Tributarias de Andorra, Espa\u00f1a y Francia.[\/vc_column_text][\/vc_tta_section][\/vc_tta_accordion][\/vc_column][\/vc_row][vc_row][vc_column][vc_separator][\/vc_column][\/vc_row][vc_row css=\u00bb.vc_custom_1492012435750{padding-top: 50px !important;padding-bottom: 50px !important;}\u00bb][vc_column width=\u00bb1\/4&#8243;]<div class='icon-box-1'><i class='ifc-scales_of_Balance'><\/i><div class='icon-box-content'><h3><a href='http:\/\/www.legaland.ad\/es\/derecho-societario' >Derecho Societario (Mercantil)<\/a><\/h3><\/div><\/div>[\/vc_column][vc_column width=\u00bb1\/4&#8243;]<div class='icon-box-1'><i class='ifc-stack'><\/i><div class='icon-box-content'><h3><a href='http:\/\/www.legaland.ad\/es\/derecho-contractual' >Derecho Contractual<\/a><\/h3><\/div><\/div>[\/vc_column][vc_column width=\u00bb1\/4&#8243;]<div class='icon-box-1'><i class='ifc-user_female4'><\/i><div class='icon-box-content'><h3><a href='http:\/\/www.legaland.ad\/es\/derecho-civil-persona' >Derecho Civil y de la Persona<\/a><\/h3><\/div><\/div>[\/vc_column][vc_column width=\u00bb1\/4&#8243;]<div class='icon-box-1'><i class='ifc-home'><\/i><div class='icon-box-content'><h3><a href='http:\/\/www.legaland.ad\/es\/residencia-implantacion' >Residencia e Implantaci\u00f3n<\/a><\/h3><\/div><\/div>[\/vc_column][\/vc_row][vc_row][vc_column][vc_separator][\/vc_column][\/vc_row]<\/p>\n","protected":false},"excerpt":{"rendered":"<p>[vc_row full_width=\u00bbstretch_row\u00bb css=\u00bb.vc_custom_1492012422867{margin-bottom: -50px !important;padding-top: 50px !important;padding-bottom: 100px !important;}\u00bb nfw_row_font_color=\u00bb#0a0a0a\u00bb][vc_column][vc_single_image image=\u00bb1447&#8243; img_size=\u00bbfull\u00bb alignment=\u00bbcenter\u00bb css=\u00bb.vc_custom_1487092159343{margin-top: -90px !important;}\u00bb][vc_tta_accordion color=\u00bbwhite\u00bb c_position=\u00bbright\u00bb active_section=\u00bb1&#8243; el_class=\u00bbfuse-a\u00bb no_fill=\u00bbtrue\u00bb][vc_tta_section title=\u00bb ASESORAMIENTO PERSONAS F\u00cdSICAS Y GRUPOS FAMILIARES\u00bb tab_id=\u00bb1487095941893-00c44920-3b88&#8243;][vc_column_text]\u00b7 Asesoramiento en la gesti\u00f3n de su patrimonio a trav\u00e9s de la planificaci\u00f3n y el asesoramiento fiscal, gesti\u00f3n de inversiones y family offices.[\/vc_column_text][\/vc_tta_section][vc_tta_section title=\u00bbFISCALIDAD DE ARTISTAS Y&#8230;<\/p>\n","protected":false},"author":2,"featured_media":0,"parent":0,"menu_order":0,"comment_status":"closed","ping_status":"closed","template":"","meta":{"footnotes":""},"class_list":["post-1698","page","type-page","status-publish","hentry"],"_links":{"self":[{"href":"https:\/\/www.legaland.ad\/es\/wp-json\/wp\/v2\/pages\/1698","targetHints":{"allow":["GET"]}}],"collection":[{"href":"https:\/\/www.legaland.ad\/es\/wp-json\/wp\/v2\/pages"}],"about":[{"href":"https:\/\/www.legaland.ad\/es\/wp-json\/wp\/v2\/types\/page"}],"author":[{"embeddable":true,"href":"https:\/\/www.legaland.ad\/es\/wp-json\/wp\/v2\/users\/2"}],"replies":[{"embeddable":true,"href":"https:\/\/www.legaland.ad\/es\/wp-json\/wp\/v2\/comments?post=1698"}],"version-history":[{"count":3,"href":"https:\/\/www.legaland.ad\/es\/wp-json\/wp\/v2\/pages\/1698\/revisions"}],"predecessor-version":[{"id":1710,"href":"https:\/\/www.legaland.ad\/es\/wp-json\/wp\/v2\/pages\/1698\/revisions\/1710"}],"wp:attachment":[{"href":"https:\/\/www.legaland.ad\/es\/wp-json\/wp\/v2\/media?parent=1698"}],"curies":[{"name":"wp","href":"https:\/\/api.w.org\/{rel}","templated":true}]}}