{"id":1702,"date":"2017-04-12T15:37:34","date_gmt":"2017-04-12T15:37:34","guid":{"rendered":"http:\/\/www.legaland.ad\/residencia-i-implantacio\/"},"modified":"2017-05-11T11:22:28","modified_gmt":"2017-05-11T11:22:28","slug":"residencia-implantacion","status":"publish","type":"page","link":"https:\/\/www.legaland.ad\/es\/residencia-implantacion\/","title":{"rendered":"Residencia e Implantaci\u00f3n"},"content":{"rendered":"<p>[vc_row full_width=\u00bbstretch_row\u00bb css=\u00bb.vc_custom_1492011671190{margin-bottom: -50px !important;padding-top: 50px !important;padding-bottom: 100px !important;}\u00bb nfw_row_font_color=\u00bb#0a0a0a\u00bb][vc_column]<div class='headline'><h2>RESIDENCIA E IMPLANTACI\u00d3N EN ANDORRA<\/h2><\/div>[vc_single_image image=\u00bb1447&#8243; img_size=\u00bbfull\u00bb alignment=\u00bbcenter\u00bb css=\u00bb.vc_custom_1487092159343{margin-top: -90px !important;}\u00bb][vc_tta_accordion color=\u00bbwhite\u00bb c_position=\u00bbright\u00bb active_section=\u00bb1&#8243; el_class=\u00bbfuse-a\u00bb no_fill=\u00bbtrue\u00bb][vc_tta_section title=\u00bb RESIDENCIA EN EL PRINCIPADO DE ANDORRA\u00bb tab_id=\u00bb1487096231552-604c4de7-1e37&#8243;][vc_column_text]Te ayudamos a realizar todos aquellos tr\u00e1mites necesarios (Gobierno de Andorra, Com\u00fan competente, CASS) para alcanzar los siguientes expedientes:<\/p>\n<p>\u00b7 Residencias activas.<br \/>\n\u00b7 Residencias pasivas.<br \/>\n\u00b7 Residencias especiales.[\/vc_column_text][\/vc_tta_section][vc_tta_section title=\u00bbINVERSI\u00d3N EXTRANJERA Y SOCIEDADES\u00bb tab_id=\u00bb1487096231785-e02d06ed-7a1c\u00bb][vc_column_text]Acompa\u00f1amos al inversor desde un inicio a planificar su inversi\u00f3n, as\u00ed como la acompa\u00f1amos jur\u00eddicamente en todo lo que te sea necesario para tu actividad diaria: contrataci\u00f3n de personal, inmuebles, protecci\u00f3n de marcas, derechos de autor, y otros contratos mercantiles:<\/p>\n<p>\u00b7 Inversi\u00f3n extranjera directa.<br \/>\n\u00b7 Inversi\u00f3n extranjera en inmuebles.<br \/>\n\u00b7 Otras formas de inversi\u00f3n extranjera.<br \/>\n\u00b7 Inversi\u00f3n extranjera en organismos de inversi\u00f3n colectiva de derecho andorrano.<br \/>\n\u00b7 Liquidaci\u00f3n de inversi\u00f3n extranjera.<br \/>\n\u00b7 Redacci\u00f3n de acuerdos de socios y partenariados.[\/vc_column_text][\/vc_tta_section][\/vc_tta_accordion][\/vc_column][\/vc_row][vc_row][vc_column][vc_separator][\/vc_column][\/vc_row][vc_row css=\u00bb.vc_custom_1492012933437{padding-top: 50px !important;padding-bottom: 50px !important;}\u00bb][vc_column width=\u00bb1\/4&#8243;]<div class='icon-box-1'><i class='ifc-scales_of_Balance'><\/i><div class='icon-box-content'><h3><a href='http:\/\/www.legaland.ad\/es\/derecho-societario' >Derecho Societario (Mercantil)<\/a><\/h3><\/div><\/div>[\/vc_column][vc_column width=\u00bb1\/4&#8243;]<div class='icon-box-1'><i class='ifc-stack'><\/i><div class='icon-box-content'><h3><a href='http:\/\/www.legaland.ad\/es\/derecho-contractual' >Derecho Contractual<\/a><\/h3><\/div><\/div>[\/vc_column][vc_column width=\u00bb1\/4&#8243;]<div class='icon-box-1'><i class='ifc-user_female4'><\/i><div class='icon-box-content'><h3><a href='http:\/\/www.legaland.ad\/es\/derecho-civil-persona' >Derecho Civil y de la Persona<\/a><\/h3><\/div><\/div>[\/vc_column][vc_column width=\u00bb1\/4&#8243;]<div class='icon-box-1'><i class='ifc-student'><\/i><div class='icon-box-content'><h3><a href='http:\/\/www.legaland.ad\/es\/derecho-fiscal-tributario' >Derecho Fiscal y Tributario<\/a><\/h3><\/div><\/div>[\/vc_column][\/vc_row][vc_row][vc_column][vc_separator][\/vc_column][\/vc_row]<\/p>\n","protected":false},"excerpt":{"rendered":"<p>[vc_row full_width=\u00bbstretch_row\u00bb css=\u00bb.vc_custom_1492011671190{margin-bottom: -50px !important;padding-top: 50px !important;padding-bottom: 100px !important;}\u00bb nfw_row_font_color=\u00bb#0a0a0a\u00bb][vc_column][vc_single_image image=\u00bb1447&#8243; img_size=\u00bbfull\u00bb alignment=\u00bbcenter\u00bb css=\u00bb.vc_custom_1487092159343{margin-top: -90px !important;}\u00bb][vc_tta_accordion color=\u00bbwhite\u00bb c_position=\u00bbright\u00bb active_section=\u00bb1&#8243; el_class=\u00bbfuse-a\u00bb no_fill=\u00bbtrue\u00bb][vc_tta_section title=\u00bb RESIDENCIA EN EL PRINCIPADO DE ANDORRA\u00bb tab_id=\u00bb1487096231552-604c4de7-1e37&#8243;][vc_column_text]Te ayudamos a realizar todos aquellos tr\u00e1mites necesarios (Gobierno de Andorra, Com\u00fan competente, CASS) para alcanzar los siguientes expedientes: \u00b7 Residencias activas. \u00b7 Residencias pasivas. \u00b7 Residencias&#8230;<\/p>\n","protected":false},"author":2,"featured_media":0,"parent":0,"menu_order":0,"comment_status":"closed","ping_status":"closed","template":"","meta":{"footnotes":""},"class_list":["post-1702","page","type-page","status-publish","hentry"],"_links":{"self":[{"href":"https:\/\/www.legaland.ad\/es\/wp-json\/wp\/v2\/pages\/1702","targetHints":{"allow":["GET"]}}],"collection":[{"href":"https:\/\/www.legaland.ad\/es\/wp-json\/wp\/v2\/pages"}],"about":[{"href":"https:\/\/www.legaland.ad\/es\/wp-json\/wp\/v2\/types\/page"}],"author":[{"embeddable":true,"href":"https:\/\/www.legaland.ad\/es\/wp-json\/wp\/v2\/users\/2"}],"replies":[{"embeddable":true,"href":"https:\/\/www.legaland.ad\/es\/wp-json\/wp\/v2\/comments?post=1702"}],"version-history":[{"count":3,"href":"https:\/\/www.legaland.ad\/es\/wp-json\/wp\/v2\/pages\/1702\/revisions"}],"predecessor-version":[{"id":1712,"href":"https:\/\/www.legaland.ad\/es\/wp-json\/wp\/v2\/pages\/1702\/revisions\/1712"}],"wp:attachment":[{"href":"https:\/\/www.legaland.ad\/es\/wp-json\/wp\/v2\/media?parent=1702"}],"curies":[{"name":"wp","href":"https:\/\/api.w.org\/{rel}","templated":true}]}}