{"id":2130,"date":"2015-09-28T11:30:18","date_gmt":"2015-09-28T11:30:18","guid":{"rendered":"http:\/\/www.legaland.ad\/informacio-legal\/"},"modified":"2017-05-15T15:49:33","modified_gmt":"2017-05-15T15:49:33","slug":"informacion-legal","status":"publish","type":"page","link":"https:\/\/www.legaland.ad\/es\/informacion-legal\/","title":{"rendered":"Info legal"},"content":{"rendered":"<p>[vc_row][vc_column]<div class='headline'><h2>INFO LEGAL<\/h2><\/div>[\/vc_column][\/vc_row][vc_row css=\u00bb.vc_custom_1492706226416{margin-bottom: 80px !important;}\u00bb][vc_column][vc_column_text]<strong>1. Datos identificativos<\/strong><\/p>\n<p style=\"text-align: justify;\">En cumplimiento con el deber de informaci\u00f3n recogido en art\u00edculo 10 de la Ley 34\/2002, de 11 de julio, de Servicios de la Sociedad de la Informaci\u00f3n y del Comercio Electr\u00f3nico, a continuaci\u00f3n se reflejan los siguientes datos:<br \/>\nLa empresa titular de esta website es <strong> VILLA Tuneu LEGALAND, SLP , con domicilio en Prat de la Creu 59- 65, Edificio D, 1-4-A \u00b7 AD500 Andorra la Vella (Principado de Andorra), con n\u00famero de CIF: B66516550.<\/strong><\/p>\n<p>Correo electr\u00f3nico de contacto: <a href=\"mailto:info@legaland.ad\">info@legaland.ad<\/a>[\/vc_column_text][\/vc_column][\/vc_row][vc_row css=\u00bb.vc_custom_1492706233097{margin-bottom: 80px !important;}\u00bb][vc_column][vc_column_text]<strong>2. Propiedad intelectual<\/strong><\/p>\n<p style=\"text-align: justify;\">Toda la informaci\u00f3n y los contenidos que se recogen en <a href=\"http:\/\/www.legaland.ad\/es\">www.legaland.ad<\/a> (Incluyendo con car\u00e1cter enunciativo y no limitativo: bases de datos, im\u00e1genes, dibujos, gr\u00e1ficos, archivos de texto, audio, v\u00eddeo y software) est\u00e1n protegidos por la legislaci\u00f3n espa\u00f1ola sobre los derechos de propiedad intelectual e industrial a favor de <strong>VILA TUNEU LEGALAND, S.L.P.<\/strong> y no se permite la reproducci\u00f3n y \/ o publicaci\u00f3n, total o parcial, del sitio web, ni su tratamiento inform\u00e1tico, su distribuci\u00f3n, su difusi\u00f3n, ni su modificaci\u00f3n, transformaci\u00f3n o descompilaci\u00f3n, ni dem\u00e1s derechos reconocidos legalmente a su titular , sin el permiso previo y por escrito del mismo, <strong>VILA TUNEU LEGALAND, S.L.P.<\/strong><\/p>\n<p style=\"text-align: justify;\">El usuario, \u00fanica y exclusivamente, puede utilizar el material que aparezca en este sitio web para su uso personal y privado, quedando prohibido su uso con fines comerciales o para incurrir en actividades il\u00edcitas. Todos los derechos derivados de la propiedad intelectual est\u00e1n expresamente reservados por <strong>VILA TUNEU LEGALAND, S.L.P.<\/strong><\/p>\n<p style=\"text-align: justify;\"><strong>VILA TUNEU LEGALAND, S.L.P.<\/strong> velar\u00e1 por el cumplimiento de las anteriores condiciones como por la debida utilizaci\u00f3n de los contenidos presentados en sus p\u00e1ginas web, ejercitando todas las acciones civiles y penales que le correspondan en el caso de infracci\u00f3n o incumplimiento de estos derechos por parte del usuario.<\/p>\n<p>[\/vc_column_text][\/vc_column][\/vc_row][vc_row][vc_column][vc_column_text]<strong>3. Condiciones generales de uso y navegaci\u00f3n de la p\u00e1gina<\/strong><\/p>\n<p style=\"text-align: justify;\"><a href=\"http:\/\/www.legaland.ad\/es\">www.legaland.ad<\/a> podr\u00e1n ser visitadas libremente por los usuarios salvo las que se encuentren incluidas en \u00e1reas cerradas o de acceso restringido.<\/p>\n<p style=\"text-align: justify;\"><strong>VILA TUNEU LEGALAND, S.L.P.<\/strong> podr\u00e1 modificar, sin previo aviso, la informaci\u00f3n contenida en su sitio web, as\u00ed como su configuraci\u00f3n y presentaci\u00f3n.<\/p>\n<p style=\"text-align: justify;\"><strong>VILA TUNEU LEGALAND, S.L.P.<\/strong> no se hace responsable del uso ileg\u00edtimo que terceras personas puedan hacer de los nombres de marca, nombres de producto, marcas comerciales que, no siendo propiedad de dicha entidad, aparezcan en el web site www.legaland.es. Tampoco se responsabiliza de la integridad, veracidad y licitud del contenido de los enlaces a las webs a las que pueda accederse desde <a href=\"http:\/\/www.legaland.ad\/es\">www.legaland.ad<\/a><\/p>\n<p>[\/vc_column_text][\/vc_column][\/vc_row][vc_row css=\u00bb.vc_custom_1492706316853{padding-top: 80px !important;padding-bottom: 50px !important;}\u00bb][vc_column][vc_column_text]<strong>4. Privacidad y protecci\u00f3n de datos de car\u00e1cter personal<\/strong><\/p>\n<p style=\"text-align: justify;\"><strong>VILA TUNEU LEGALAND, S.L.P.<\/strong> y del que \u00e9ste ser\u00e1 responsable.<\/p>\n<p style=\"text-align: justify;\">A efectos de lo dispuesto en la normativa vigente en materia de protecci\u00f3n de datos personales (Ley Org\u00e1nica de Protecci\u00f3n de Datos de Car\u00e1cter Personal 15\/99, de 13 de diciembre),<strong> VILA TUNEU LEGALAND, S.L.P.<\/strong> se compromete al cumplimiento de su obligaci\u00f3n de secreto de los datos de car\u00e1cter personal y de su deber de guardarlos.<\/p>\n<p style=\"text-align: justify;\">Igualmente, <strong>VILA TUNEU LEGALAND, S.L.P.<\/strong> adoptar\u00e1 las medidas necesarias para evitar su alteraci\u00f3n, tratamiento o acceso no autorizado, habida cuenta en todo momento del estado de la tecnolog\u00eda.<\/p>\n<p style=\"text-align: justify;\">Se le informa de la posibilidad de ejercitar los derechos de acceso, rectificaci\u00f3n, cancelaci\u00f3n y oposici\u00f3n respecto a los datos personales recabados, que podr\u00e1 ejercitar mediante petici\u00f3n escrita dirigida a:<\/p>\n<p>Vila Tuneu Legaland Abogados<\/p>\n<p>Prat de la Creu 59-65, Edificio D,<br \/>\n1-4-A \u00b7 AD500 Andorra la Vella (Principado de Andorra)[\/vc_column_text][\/vc_column][\/vc_row]<\/p>\n","protected":false},"excerpt":{"rendered":"<p>[vc_row][vc_column][\/vc_column][\/vc_row][vc_row css=\u00bb.vc_custom_1492706226416{margin-bottom: 80px !important;}\u00bb][vc_column][vc_column_text]1. Datos identificativos En cumplimiento con el deber de informaci\u00f3n recogido en art\u00edculo 10 de la Ley 34\/2002, de 11 de julio, de Servicios de la Sociedad de la Informaci\u00f3n y del Comercio Electr\u00f3nico, a continuaci\u00f3n se reflejan los siguientes datos: La empresa titular de esta website es VILLA Tuneu LEGALAND, SLP&#8230;<\/p>\n","protected":false},"author":1,"featured_media":0,"parent":0,"menu_order":0,"comment_status":"closed","ping_status":"closed","template":"","meta":{"footnotes":""},"class_list":["post-2130","page","type-page","status-publish","hentry"],"_links":{"self":[{"href":"https:\/\/www.legaland.ad\/es\/wp-json\/wp\/v2\/pages\/2130","targetHints":{"allow":["GET"]}}],"collection":[{"href":"https:\/\/www.legaland.ad\/es\/wp-json\/wp\/v2\/pages"}],"about":[{"href":"https:\/\/www.legaland.ad\/es\/wp-json\/wp\/v2\/types\/page"}],"author":[{"embeddable":true,"href":"https:\/\/www.legaland.ad\/es\/wp-json\/wp\/v2\/users\/1"}],"replies":[{"embeddable":true,"href":"https:\/\/www.legaland.ad\/es\/wp-json\/wp\/v2\/comments?post=2130"}],"version-history":[{"count":6,"href":"https:\/\/www.legaland.ad\/es\/wp-json\/wp\/v2\/pages\/2130\/revisions"}],"predecessor-version":[{"id":2157,"href":"https:\/\/www.legaland.ad\/es\/wp-json\/wp\/v2\/pages\/2130\/revisions\/2157"}],"wp:attachment":[{"href":"https:\/\/www.legaland.ad\/es\/wp-json\/wp\/v2\/media?parent=2130"}],"curies":[{"name":"wp","href":"https:\/\/api.w.org\/{rel}","templated":true}]}}