{"id":2141,"date":"2017-05-12T09:12:22","date_gmt":"2017-05-12T09:12:22","guid":{"rendered":"http:\/\/www.legaland.ad\/privacitat-cookies\/"},"modified":"2017-05-12T09:36:36","modified_gmt":"2017-05-12T09:36:36","slug":"privacidad-cookies","status":"publish","type":"page","link":"https:\/\/www.legaland.ad\/es\/privacidad-cookies\/","title":{"rendered":"Privacidad y Cookies"},"content":{"rendered":"<p>[vc_row][vc_column]<div class='headline'><h2>PRIVACIDAD Y COOKIES<\/h2><\/div>[\/vc_column][\/vc_row][vc_row css=\u00bb.vc_custom_1492706226416{margin-bottom: 80px !important;}\u00bb][vc_column][vc_column_text]<strong>1. Introducci\u00f3n<\/strong><\/p>\n<p style=\"text-align: justify;\">Este documento describe la Pol\u00edtica de cookies que regula el sitio web www.legaland.ad, con el objetivo de garantizar la privacidad de los Usuarios de Internet.<br \/>\nEste sitio web pertenece a VILA Tuneu LEGALAND, SLP con domicilio en Prat de la Creu 59-65, Edificio D,<br \/>\nPlanta 1, Despacho 5 \u00b7 AD500 Andorra la Vella (Principado de Andorra) y desde este apartado se informa a los Usuarios de Internet que en este sitio web se utilizan cookies.<br \/>\nEstas cookies nos permiten facilitar el uso y navegaci\u00f3n, garantizar el acceso a determinadas funcionalidades y adicionalmente, nos ayudan a mejorar la calidad del sitio web de acuerdo a los h\u00e1bitos y estilos de navegaci\u00f3n de los Usuarios de Internet.<\/p>\n<p>[\/vc_column_text][\/vc_column][\/vc_row][vc_row css=\u00bb.vc_custom_1492706233097{margin-bottom: 80px !important;}\u00bb][vc_column][vc_column_text]<strong>2. Qu\u00e9 son les Cookies?<\/strong><\/p>\n<p style=\"text-align: justify;\">Las cookies son peque\u00f1os archivos de texto que algunos sitios web almacenan en su ordenador, tel\u00e9fono inteligente (Smartphone), Tablet o cualquier otro dispositivo de acceso a Internet.<\/p>\n<p>[\/vc_column_text][\/vc_column][\/vc_row][vc_row][vc_column][vc_column_text]<strong>3. \u00bfPara qu\u00e9 sirven?<\/strong><\/p>\n<p style=\"text-align: justify;\">Las cookies sirven para reconocer el dispositivo de los Usuarios de Internet cuando vuelven a visitar el sitio web, facilit\u00e1ndole su uso en recordar sus preferencias y configuraci\u00f3n de navegaci\u00f3n (p. Ej. Idioma, pa\u00eds, etc.). Tambi\u00e9n sirven para mejorar los servicios que ofrecemos y para poder recopilar informaci\u00f3n estad\u00edstica que nos permite entender c\u00f3mo los Usuarios de Internet utilizan nuestro sitio web y nos ayudan a mejorar su estructura y contenidos.<br \/>\nAlgunas cookies son estrictamente necesarias para que el sitio web funcione bien y otras sirven para mejorar el rendimiento y su experiencia como usuario.<br \/>\nLas cookies se asocian \u00fanicamente a un Usuario de Internet an\u00f3nimo y su dispositivo de acceso a Internet y no proporcionan referencias que permitan deducir datos personales del Usuario de Internet.<\/p>\n<p>[\/vc_column_text][\/vc_column][\/vc_row][vc_row css=\u00bb.vc_custom_1492706316853{padding-top: 80px !important;padding-bottom: 50px !important;}\u00bb][vc_column][vc_column_text]<strong>4. Tipo de Cookies:<\/strong><\/p>\n<p><strong>4.1. Tipo de Cookies seg\u00fan la entidad que las gestione:<\/strong><\/p>\n<p style=\"text-align: justify;\">Seg\u00fan cual sea la entidad que gestione el sitio web desde donde se env\u00eden las cookies y traten los datos que se obtengan, se pueden distinguir los siguientes:<br \/>\n\u00b7 Cookies propias: Son aquellas que se env\u00edan al dispositivo de acceso a Internet del usuario desde el sitio web gestionado por el propio titular del lugar y desde el que se presta el servicio solicitado por el Usuario de Internet.<br \/>\n\u00b7 Cookies de tercero: Son aquellas que se env\u00edan al dispositivo de acceso a Internet del usuario desde el sitio web pero que no es gestionado por el titular del puesto, sino por otra entidad que trata los datos obtenidos mediante las cookies.<\/p>\n<p>[\/vc_column_text][\/vc_column][\/vc_row][vc_row css=\u00bb.vc_custom_1492706316853{padding-top: 80px !important;padding-bottom: 50px !important;}\u00bb][vc_column][vc_column_text]<strong>4.2. Tipo de Cookies seg\u00fan el plazo de tiempo que permanecen activadas:<\/strong><\/p>\n<p style=\"text-align: justify;\">Seg\u00fan el plazo de tiempo que permanecen activadas en el dispositivo de acceso a Internet del usuario, se pueden distinguir los siguientes:<br \/>\n\u00b7 Cookies de sesi\u00f3n: Son un tipo de cookies dise\u00f1adas para recoger y almacenar datos mientras el Usuario de Internet accede a un sitio web. Se suelen utilizar para almacenar informaci\u00f3n que s\u00f3lo interesa conservar para la prestaci\u00f3n del servicio solicitado por el Usuario de Internet en una sola ocasi\u00f3n (la sesi\u00f3n que est\u00e1 utilizando en ese momento).<br \/>\n\u00b7 Cookies persistentes: Son un tipo de cookies en el que los datos siguen almacenados en el dispositivo de acceso a Internet del usuario y pueden ser accedidas y tratados durante un per\u00edodo definido por el responsable de la cookie, y que puede ir de unos minutos a varios a\u00f1os.<\/p>\n<p>[\/vc_column_text][\/vc_column][\/vc_row][vc_row css=\u00bb.vc_custom_1492706316853{padding-top: 80px !important;padding-bottom: 50px !important;}\u00bb][vc_column][vc_column_text]<strong>4.3. Tipo de Cookies seg\u00fan su finalidad:<\/strong><\/p>\n<p style=\"text-align: justify;\">Seg\u00fan la finalidad para la que se traten los datos obtenidos mediante las cookies, se pueden distinguir los siguientes:<br \/>\n\u00b7 Cookies t\u00e9cnicas: Son aquellas que permiten al Usuario de Internet la navegaci\u00f3n por un sitio web y la utilizaci\u00f3n de las diferentes opciones o servicios que en \u00e9l existan como, por ejemplo, controlar el tr\u00e1fico y la comunicaci\u00f3n de datos, identificar la sesi\u00f3n, acceder a partes de acceso restringido, recordar los elementos que integran un pedido, realizar el proceso de compra de un pedido, realizar la solicitud de inscripci\u00f3n o participaci\u00f3n en un evento, utilizar elementos de seguridad durante la navegaci\u00f3n, almacenar contenidos para la difusi\u00f3n de im\u00e1genes o sonido o compartir contenidos mediante las redes sociales.<br \/>\n\u00b7 Cookies de personalizaci\u00f3n: Son aquellas que permiten al Usuario de Internet acceder al servicio con algunas caracter\u00edsticas de car\u00e1cter general predefinidas en funci\u00f3n de una serie de criterios en el dispositivo del Usuario de Internet como por ejemplo ser\u00edan el idioma, el tipo de navegador que utiliza para acceder al servicio, la configuraci\u00f3n regional desde donde accede al servicio, etc.<br \/>\n\u00b7 Cookies de an\u00e1lisis: Son aquellas que permiten al responsable de las mismas, el seguimiento y an\u00e1lisis del comportamiento de los Usuarios de Internet en el sitio web. La informaci\u00f3n recogida mediante este tipo de cookies se utiliza en la medici\u00f3n de la actividad del sitio web y para la elaboraci\u00f3n de perfiles de navegaci\u00f3n de los Usuarios de Internet para este sitio web, con el fin de introducir mejoras en funci\u00f3n del an\u00e1lisis de los datos de uso que hacen los Usuarios de Internet del servicio<br \/>\n\u00b7 Cookies publicitarias: Son aquellas que permiten la gesti\u00f3n, de la forma m\u00e1s eficaz posible, los espacios publicitarios que, en su caso, el titular haya incluido en el sitio web desde el que presta el servicio solicitado en base a criterios como el contenido editado o la frecuencia en la que se muestran los anuncios.<br \/>\n\u00b7 Cookies de publicidad comportamental: Son aquellas que permiten la gesti\u00f3n, de la forma m\u00e1s eficaz posible, los espacios publicitarios que, en su caso, el titular haya incluido en el sitio web desde el que presta el servicio solicitado. Estas cookies almacenan informaci\u00f3n del comportamiento de los Usuarios de Internet obtenida por la observaci\u00f3n continuada de sus h\u00e1bitos de navegaci\u00f3n, lo que permite desarrollar un perfil espec\u00edfico para mostrar publicidad en funci\u00f3n del mismo.<\/p>\n<p>[\/vc_column_text][\/vc_column][\/vc_row][vc_row css=\u00bb.vc_custom_1492706316853{padding-top: 80px !important;padding-bottom: 50px !important;}\u00bb][vc_column][vc_column_text]<strong>5. \u00bfQu\u00e9 tipo de Cookies utiliza este sitio?<\/strong><\/p>\n<p>Las cookies siguientes no identifican personalmente a los Usuarios de Internet, s\u00f3lo proporcionan informaci\u00f3n estad\u00edstica an\u00f3nima sobre la navegaci\u00f3n en este sitio web; sin embargo puede deshabilitar directamente configurando su navegador.<\/p>\n<p>A continuaci\u00f3n se relacionan las cookies que est\u00e1n siendo utilizadas en este sitio:<\/p>\n<p>Nom : SESS [cadena aleatoria]<\/p>\n<p>Tipo : propia<\/p>\n<p>Permanencia : sesi\u00f3n<\/p>\n<p>Finalidad : t\u00e9cnica. Identifica la sesi\u00f3n del usuario.<\/p>\n<p>Nombre : has-js<\/p>\n<p>Tipo : propia<\/p>\n<p>Permanencia : sesi\u00f3n<\/p>\n<p>Finalidad: t\u00e9cnica. Informa si el navegador que est\u00e1 utilizando el Usuario de Internet soporta y tiene habilitada la funcionalidad JavaScript, lo que permite disponer de todas las funcionalidades del sitio web y presentar los contenidos de forma m\u00e1s apropiada.<\/p>\n<p>Cookies de Google Analytics. Es un servicio de anal\u00edtica web desarrollada por Google, que permite la medici\u00f3n y an\u00e1lisis de la navegaci\u00f3n en el sitio web.<\/p>\n<p>Nombre : _utma<\/p>\n<p>Tipo : propia<\/p>\n<p>Permanencia : 2 a\u00f1os (persistente)<\/p>\n<p>Finalidad: an\u00e1lisis. Normalmente se almacena en el navegador en la primera visita al sitio web. Genera un ID de usuario \u00fanico, que es el que se utiliza para hacer recuento de cu\u00e1ntas veces visita el sitio web un Usuario de Internet. Tambi\u00e9n registra cuando fue la primera y la \u00faltima vez que visit\u00f3 el sitio web.<\/p>\n<p>Nombre : _utmb<\/p>\n<p>Tipo : propia<\/p>\n<p>Permanencia : 30 minutos (persistente)<\/p>\n<p>Finalidad: an\u00e1lisis. Trabaja conjuntamente con _utmc para almacenar informaci\u00f3n sobre la actividad de la visita al sitio web y principalmente la duraci\u00f3n de \u00e9sta. Registra la hora de acceso al sitio web.<\/p>\n<p>Nombre : _utmc<\/p>\n<p>Tipo : propia<\/p>\n<p>Permanencia : sesi\u00f3n<\/p>\n<p>Finalidad: an\u00e1lisis. Trabaja conjuntamente con _utmb para almacenar informaci\u00f3n sobre la actividad de la visita al sitio web y principalmente la duraci\u00f3n de \u00e9sta. Comprueba si se debe mantener la sesi\u00f3n abierta o se debe crear una sesi\u00f3n nueva<\/p>\n<p>Nombre : _utmz<\/p>\n<p>Tipo : propia<\/p>\n<p>Permanencia : 6 meses (persistente)<\/p>\n<p>Finalidad: an\u00e1lisis. Normalmente se almacena en el navegador en la primera visita al sitio web. Almacena informaci\u00f3n sobre la procedencia del Usuario de Internet en el sitio web, ya sea directamente introduciendo la direcci\u00f3n del dominio, un enlace, una b\u00fasqueda o un anuncio, as\u00ed como su ubicaci\u00f3n geogr\u00e1fica en el momento de acceder. Tambi\u00e9n realiza un seguimiento de la navegaci\u00f3n por permitirnos saber cu\u00e1ntos Usuarios de Internet se mueven por el sitio web. Se actualiza cada vez que se visita el sitio web.<\/p>\n<p>Asimismo, Google ha desarrollado un complemento de inhabilitaci\u00f3n de las cookies de Google Analytics para los navegadores m\u00e1s habituales: Microsoft Internet Explorer, Google Chrome, Mozilla Firefox, Apple Safari y Opera, que facilita la exclusi\u00f3n de la instalaci\u00f3n de estas cookies.<\/p>\n<p>Cookies de ShareThis. Es un servicio que el apartado de bloque de este sitio web utiliza para facilitar el intercambio y compartici\u00f3n en l\u00ednea de p\u00e1ginas \/ enlaces a trav\u00e9s de diversas redes sociales como Facebook y Twitter.<\/p>\n<p>Nombre : __stid<\/p>\n<p>Tipo : propia<\/p>\n<p>Permanencia : 1 a\u00f1o (persistente)<\/p>\n<p>Finalidad: an\u00e1lisis. Normalmente se almacena en el navegador en la primera visita al sitio web. Genera un ID de usuario \u00fanico, que es el que se utiliza para asociar a los temas de inter\u00e9s, bas\u00e1ndose en el contenido que se comparte. En los EE.UU., se utilizan estos datos para ayudar a los anunciantes ofrecer mensajes dirigidos a los usuarios, pero a d\u00eda de hoy no se utilizan datos de fuera de EEUU.<\/p>\n<p>Nombre : __uset<\/p>\n<p>Tipo : propia<\/p>\n<p>Permanencia : 1 d\u00eda (persistente)<\/p>\n<p>Finalidad: an\u00e1lisis. Trabaja conjuntamente con _stid, estableci\u00e9ndose en \u00abtrue\u00bb para indicar cuando un usuario ya ha sido analizado y no repetir la tarea en las pr\u00f3ximas 8 horas. para almacenar informaci\u00f3n sobre la actividad de la visita al sitio web y principalmente la duraci\u00f3n de \u00e9sta. Registra la hora de acceso al sitio web.<\/p>\n<p>Nombre : UID, UIDR<\/p>\n<p>Tipo : propia<\/p>\n<p>Permanencia : 2 a\u00f1os (persistentes)<\/p>\n<p>Finalidad: an\u00e1lisis. Almacenan informaci\u00f3n como la fecha y la hora, la URL y el t\u00edtulo de la p\u00e1gina web que enlaza con las redes sociales. Actualmente ScorecardResearch forma parte de ComScore.[\/vc_column_text][\/vc_column][\/vc_row][vc_row css=\u00bb.vc_custom_1492706316853{padding-top: 80px !important;padding-bottom: 50px !important;}\u00bb][vc_column][vc_column_text]<strong>6. Otros<\/strong><\/p>\n<p>Para realizar cualquier tipo de consulta respecto a esta pol\u00edtica puede dirigirse a la siguiente direcci\u00f3n de correo electr\u00f3nico: info@legaland.ad[\/vc_column_text][\/vc_column][\/vc_row][vc_row css=\u00bb.vc_custom_1492706316853{padding-top: 80px !important;padding-bottom: 50px !important;}\u00bb][vc_column][vc_column_text]<strong>7. Vigencia y modificaci\u00f3n de esta pol\u00edtica de Cookies<\/strong><\/p>\n<p style=\"text-align: justify;\">La Pol\u00edtica de Cookies del sitio web www.legaland.ad ha sido actualizada el mes de junio de 2015.<br \/>\nVILLA Tuneu LEGALAND, SLP, se reserva el derecho a modificar su Pol\u00edtica de Cookies del sitio web en caso de que exista un cambio en la legislaci\u00f3n vigente, doctrinal, jurisprudencial o por criterios propios empresariales. Si se introdujera alg\u00fan cambio en esta Pol\u00edtica, el nuevo texto ser\u00e1 publicado en este mismo sitio web.<\/p>\n<p style=\"text-align: left;\">Se recomienda a los Usuarios de Internet que accedan peri\u00f3dicamente a esta Pol\u00edtica de Cookies que encontrar\u00e1n en el sitio web http:\/\/www.legaland.ad<\/p>\n<p>[\/vc_column_text][\/vc_column][\/vc_row]<\/p>\n","protected":false},"excerpt":{"rendered":"<p>[vc_row][vc_column][\/vc_column][\/vc_row][vc_row css=\u00bb.vc_custom_1492706226416{margin-bottom: 80px !important;}\u00bb][vc_column][vc_column_text]1. Introducci\u00f3n Este documento describe la Pol\u00edtica de cookies que regula el sitio web www.legaland.ad, con el objetivo de garantizar la privacidad de los Usuarios de Internet. Este sitio web pertenece a VILA Tuneu LEGALAND, SLP con domicilio en Prat de la Creu 59-65, Edificio D, Planta 1, Despacho 5 \u00b7 AD500&#8230;<\/p>\n","protected":false},"author":2,"featured_media":0,"parent":0,"menu_order":0,"comment_status":"closed","ping_status":"closed","template":"","meta":{"footnotes":""},"class_list":["post-2141","page","type-page","status-publish","hentry"],"_links":{"self":[{"href":"https:\/\/www.legaland.ad\/es\/wp-json\/wp\/v2\/pages\/2141","targetHints":{"allow":["GET"]}}],"collection":[{"href":"https:\/\/www.legaland.ad\/es\/wp-json\/wp\/v2\/pages"}],"about":[{"href":"https:\/\/www.legaland.ad\/es\/wp-json\/wp\/v2\/types\/page"}],"author":[{"embeddable":true,"href":"https:\/\/www.legaland.ad\/es\/wp-json\/wp\/v2\/users\/2"}],"replies":[{"embeddable":true,"href":"https:\/\/www.legaland.ad\/es\/wp-json\/wp\/v2\/comments?post=2141"}],"version-history":[{"count":4,"href":"https:\/\/www.legaland.ad\/es\/wp-json\/wp\/v2\/pages\/2141\/revisions"}],"predecessor-version":[{"id":2144,"href":"https:\/\/www.legaland.ad\/es\/wp-json\/wp\/v2\/pages\/2141\/revisions\/2144"}],"wp:attachment":[{"href":"https:\/\/www.legaland.ad\/es\/wp-json\/wp\/v2\/media?parent=2141"}],"curies":[{"name":"wp","href":"https:\/\/api.w.org\/{rel}","templated":true}]}}